{"id":718,"date":"2022-06-19T17:23:41","date_gmt":"2022-06-19T17:23:41","guid":{"rendered":"https:\/\/cookindian.fr\/?post_type=product&#038;p=718"},"modified":"2022-11-10T09:39:21","modified_gmt":"2022-11-10T09:39:21","slug":"boite-a-tresors-mosaiques-sans-epices","status":"publish","type":"product","link":"https:\/\/cookindian.fr\/en\/product\/boite-a-tresors-mosaiques-sans-epices\/","title":{"rendered":"Boite \u00e0 Tr\u00e9sors Mosa\u00efques sans \u00e9pices"},"content":{"rendered":"","protected":false},"excerpt":{"rendered":"","protected":false},"featured_media":720,"comment_status":"closed","ping_status":"closed","template":"","meta":[],"product_brand":[],"product_cat":[37],"product_tag":[],"class_list":{"0":"post-718","1":"product","2":"type-product","3":"status-publish","4":"has-post-thumbnail","6":"product_cat-mosaique","8":"first","9":"instock","10":"shipping-taxable","11":"purchasable","12":"product-type-simple"},"jetpack_sharing_enabled":true,"_links":{"self":[{"href":"https:\/\/cookindian.fr\/en\/wp-json\/wp\/v2\/product\/718","targetHints":{"allow":["GET"]}}],"collection":[{"href":"https:\/\/cookindian.fr\/en\/wp-json\/wp\/v2\/product"}],"about":[{"href":"https:\/\/cookindian.fr\/en\/wp-json\/wp\/v2\/types\/product"}],"replies":[{"embeddable":true,"href":"https:\/\/cookindian.fr\/en\/wp-json\/wp\/v2\/comments?post=718"}],"wp:featuredmedia":[{"embeddable":true,"href":"https:\/\/cookindian.fr\/en\/wp-json\/wp\/v2\/media\/720"}],"wp:attachment":[{"href":"https:\/\/cookindian.fr\/en\/wp-json\/wp\/v2\/media?parent=718"}],"wp:term":[{"taxonomy":"product_brand","embeddable":true,"href":"https:\/\/cookindian.fr\/en\/wp-json\/wp\/v2\/product_brand?post=718"},{"taxonomy":"product_cat","embeddable":true,"href":"https:\/\/cookindian.fr\/en\/wp-json\/wp\/v2\/product_cat?post=718"},{"taxonomy":"product_tag","embeddable":true,"href":"https:\/\/cookindian.fr\/en\/wp-json\/wp\/v2\/product_tag?post=718"}],"curies":[{"name":"wp","href":"https:\/\/api.w.org\/{rel}","templated":true}]}}